{"id":706,"date":"2023-03-14T11:40:30","date_gmt":"2023-03-14T10:40:30","guid":{"rendered":"http:\/\/www.playmat.cz\/?page_id=706"},"modified":"2024-11-04T13:04:03","modified_gmt":"2024-11-04T12:04:03","slug":"doprava-a-platba","status":"publish","type":"page","link":"https:\/\/www.playmat.cz\/en\/doprava-a-platba\/","title":{"rendered":"shipping and payment"},"content":{"rendered":"<div data-elementor-type=\"wp-page\" data-elementor-id=\"706\" class=\"elementor elementor-706\" data-elementor-post-type=\"page\">\n\t\t\t\t\t\t<section class=\"elementor-section elementor-top-section elementor-element elementor-element-30ada3b elementor-section-boxed elementor-section-height-default elementor-section-height-default\" data-id=\"30ada3b\" data-element_type=\"section\" data-e-type=\"section\">\n\t\t\t\t\t\t<div class=\"elementor-container elementor-column-gap-default\">\n\t\t\t\t\t<div class=\"elementor-column elementor-col-100 elementor-top-column elementor-element elementor-element-2d3be8a\" data-id=\"2d3be8a\" data-element_type=\"column\" data-e-type=\"column\">\n\t\t\t<div class=\"elementor-widget-wrap elementor-element-populated\">\n\t\t\t\t\t\t<div class=\"elementor-element elementor-element-cdbd078 elementor-widget elementor-widget-text-editor\" data-id=\"cdbd078\" data-element_type=\"widget\" data-e-type=\"widget\" data-widget_type=\"text-editor.default\">\n\t\t\t\t<div class=\"elementor-widget-container\">\n\t\t\t\t\t\t\t\t\t<h2>How to pay<\/h2><ul><li>By bank transfer in advance to the Gamer Forge s.r.o. account held at Fio banka, as<ul><li>Account number: 2102579243 \/ 2010<\/li><li>Variable symbol: order number<\/li><li>Instant transfer using the generated QR code in the order and on the invoice<\/li><li>The order will be processed after payment<\/li><\/ul><\/li><li>Cash on delivery<ul><li>payment upon receipt of the goods at the carrier<\/li><li>surcharge for cash on delivery \u2013 CZK 30<\/li><\/ul><\/li><li style=\"font-size: 16px;\">PayPal<br \/><ul style=\"font-size: 16px;\"><li style=\"font-size: 16px;\">immediate payment when the order is shipped<\/li><li style=\"font-size: 16px;\">for free<\/li><\/ul><\/li><\/ul><h2>Shipping methods and prices<\/h2><ul><li>We deliver goods via the Z\u00e1silkovna.cz service<ul><li>Delivery <strong>Czech Republic<\/strong><ul><li>Playmat size 60x35 cm<ul><li>Delivery to Z-BOX \u2013 CZK 55<\/li><li>Delivery to Alza-BOX \u2013 CZK 55<\/li><li>Delivery to the Delivery Point \u2013 CZK 55<\/li><li>Delivery to the address in your hand - CZK 79<\/li><\/ul><\/li><li>Larger playmat 78\u00d758 cm and more<ul><li>Delivery to Z-BOX - not possible<\/li><li>Delivery to Alza-BOX - not possible<\/li><li>Delivery to the delivery point - CZK 90<\/li><li>Delivery to the Address in your hand - CZK 90<br \/><br \/><br \/><\/li><\/ul><\/li><\/ul><\/li><li>Delivery <strong>Slovakia<\/strong><b>, Poland, Hungary<\/b><ul><li>Playmat size 60x35 cm<ul><li>Delivery to Z-BOX \/ Paczkomaty Box \u2013 CZK 100<\/li><li>Delivery to the Delivery Point \/ Packet Point \u2013 CZK 100<\/li><li>Delivery to the address in hand - CZK 200<\/li><\/ul><\/li><li>Larger playmat 78\u00d758 cm and more<ul><li>Delivery to Z-BOX \/ Paczkomaty Box - not possible<\/li><li>Delivery to the Delivery Point \/ Packet Point \u2013 CZK 200<\/li><li>Delivery to the address in hand - CZK 200<br \/><br \/><br \/><\/li><\/ul><\/li><\/ul><\/li><li>Delivery <strong>Germany, Austria, France\u00a0\u00a0<\/strong><ul><li>Playmat size 60x35 cm<ul><li>Delivery to the Delivery Point - CZK 200<\/li><li>Delivery to the address in hand - CZK 200<\/li><\/ul><\/li><li>Larger playmat 78\u00d758 cm and more<ul><li>Delivery to the Delivery Point - CZK 200<\/li><li>Delivery to the address in hand - CZK 200<\/li><\/ul><\/li><\/ul><\/li><\/ul><\/li><\/ul>\t\t\t\t\t\t\t\t<\/div>\n\t\t\t\t<\/div>\n\t\t\t\t\t<\/div>\n\t\t<\/div>\n\t\t\t\t\t<\/div>\n\t\t<\/section>\n\t\t\t\t<\/div>","protected":false},"excerpt":{"rendered":"<p>Jak zaplatit Bankovn\u00edm p\u0159evodem p\u0159edem na \u00fa\u010det Gamer Forge s.r.o. veden\u00fd u Fio banka, a.s. \u010c\u00edslo \u00da\u010dtu: 2102579243 \/ 2010 Variabiln\u00ed symbol: \u010d\u00edslo objedn\u00e1vky Okam\u017eit\u00fd p\u0159evod pomoc\u00ed vygenerovan\u00e9ho QR k\u00f3du v objedn\u00e1vce a na faktu\u0159e Objedn\u00e1vka bude zpracov\u00e1na po zaplacen\u00ed Dob\u00edrka platba p\u0159i p\u0159evzet\u00ed zbo\u017e\u00ed u dopravce p\u0159\u00edplatek za dob\u00edrku &#8211; 30,- K\u010d PayPal okam\u017eit\u00e1 [&hellip;]<\/p>\n","protected":false},"author":1,"featured_media":0,"parent":0,"menu_order":0,"comment_status":"closed","ping_status":"closed","template":"","meta":{"footnotes":""},"class_list":["post-706","page","type-page","status-publish","hentry"],"_links":{"self":[{"href":"https:\/\/www.playmat.cz\/en\/wp-json\/wp\/v2\/pages\/706","targetHints":{"allow":["GET"]}}],"collection":[{"href":"https:\/\/www.playmat.cz\/en\/wp-json\/wp\/v2\/pages"}],"about":[{"href":"https:\/\/www.playmat.cz\/en\/wp-json\/wp\/v2\/types\/page"}],"author":[{"embeddable":true,"href":"https:\/\/www.playmat.cz\/en\/wp-json\/wp\/v2\/users\/1"}],"replies":[{"embeddable":true,"href":"https:\/\/www.playmat.cz\/en\/wp-json\/wp\/v2\/comments?post=706"}],"version-history":[{"count":0,"href":"https:\/\/www.playmat.cz\/en\/wp-json\/wp\/v2\/pages\/706\/revisions"}],"wp:attachment":[{"href":"https:\/\/www.playmat.cz\/en\/wp-json\/wp\/v2\/media?parent=706"}],"curies":[{"name":"wp","href":"https:\/\/api.w.org\/{rel}","templated":true}]}}