{"id":7,"date":"2023-01-09T15:36:52","date_gmt":"2023-01-09T14:36:52","guid":{"rendered":"http:\/\/www.playmat.cz\/?page_id=7"},"modified":"2023-03-30T11:12:22","modified_gmt":"2023-03-30T09:12:22","slug":"kosik","status":"publish","type":"page","link":"https:\/\/www.playmat.cz\/en\/kosik\/","title":{"rendered":"Basket"},"content":{"rendered":"<div data-elementor-type=\"wp-page\" data-elementor-id=\"7\" class=\"elementor elementor-7\" data-elementor-post-type=\"page\">\n\t\t\t\t\t\t<section class=\"elementor-section elementor-top-section elementor-element elementor-element-190bfe2 elementor-section-boxed elementor-section-height-default elementor-section-height-default\" data-id=\"190bfe2\" data-element_type=\"section\" data-e-type=\"section\">\n\t\t\t\t\t\t<div class=\"elementor-container elementor-column-gap-default\">\n\t\t\t\t\t<div class=\"elementor-column elementor-col-100 elementor-top-column elementor-element elementor-element-9adc568\" data-id=\"9adc568\" data-element_type=\"column\" data-e-type=\"column\">\n\t\t\t<div class=\"elementor-widget-wrap elementor-element-populated\">\n\t\t\t\t\t\t\t<\/div>\n\t\t<\/div>\n\t\t\t\t\t<\/div>\n\t\t<\/section>\n\t\t\t\t<\/div>","protected":false},"excerpt":{"rendered":"<p>Odstranit polo\u017eku N\u00e1hled Produkt Cena Mno\u017estv\u00ed Mezisou\u010det &times; Playmat s vlastn\u00edm potiskem&nbsp; Soubor: MtG_the_five_dragons-sl-background-2560&#215;1494.png Dostupn\u00e9 na objedn\u00e1vku 499&nbsp;&#75;&#269; Playmat s vlastn\u00edm potiskem mno\u017estv\u00ed 499&nbsp;&#75;&#269; Aktualizovat Mno\u017estv\u00ed Pou\u017e\u00edt kup\u00f3n Shrnut\u00ed ceny Mezisou\u010det 499&nbsp;&#75;&#269; Doprava CZ Z\u00e1silkovna v\u00fddejn\u00ed m\u00edsta: 55&nbsp;&#75;&#269; CZ Z\u00e1silkovna dom\u016f HD: 79&nbsp;&#75;&#269; P\u0159eprava do U Troj\u00e1ku, 4646, 4646, 76005 Zl\u00edn 5. Cena celkem 554&nbsp;&#75;&#269; [&hellip;]<\/p>\n","protected":false},"author":1,"featured_media":0,"parent":0,"menu_order":0,"comment_status":"closed","ping_status":"closed","template":"","meta":{"footnotes":""},"class_list":["post-7","page","type-page","status-publish","hentry"],"_links":{"self":[{"href":"https:\/\/www.playmat.cz\/en\/wp-json\/wp\/v2\/pages\/7","targetHints":{"allow":["GET"]}}],"collection":[{"href":"https:\/\/www.playmat.cz\/en\/wp-json\/wp\/v2\/pages"}],"about":[{"href":"https:\/\/www.playmat.cz\/en\/wp-json\/wp\/v2\/types\/page"}],"author":[{"embeddable":true,"href":"https:\/\/www.playmat.cz\/en\/wp-json\/wp\/v2\/users\/1"}],"replies":[{"embeddable":true,"href":"https:\/\/www.playmat.cz\/en\/wp-json\/wp\/v2\/comments?post=7"}],"version-history":[{"count":0,"href":"https:\/\/www.playmat.cz\/en\/wp-json\/wp\/v2\/pages\/7\/revisions"}],"wp:attachment":[{"href":"https:\/\/www.playmat.cz\/en\/wp-json\/wp\/v2\/media?parent=7"}],"curies":[{"name":"wp","href":"https:\/\/api.w.org\/{rel}","templated":true}]}}